{"id":81,"date":"2015-04-24T12:11:20","date_gmt":"2015-04-24T10:11:20","guid":{"rendered":"https:\/\/huseierforening.langleiken.no\/?page_id=81"},"modified":"2024-02-12T20:31:18","modified_gmt":"2024-02-12T19:31:18","slug":"info","status":"publish","type":"page","link":"https:\/\/huseierforening.langleiken.no\/index.php\/info\/","title":{"rendered":"Farger"},"content":{"rendered":"<p><em>NB: Per 12\/2-2024 er dette som ligger her er ikke 100% enn\u00e5. Det er basert p\u00e5 referat styrem\u00f8te 11\/5-2010 og notat fra Rolf Nielsen fra 2012. Innspill gis til <a href=\"mailto:rolfhsp@gmail.com\">rolfhsp@gmail.com<\/a>.<\/em><\/p>\n<p>Det viser seg at det er noe forskjell fra rekke til rekke.<\/p>\n<p>Fargeprofil for husrekkene i Langleiken Huseierforening er som f\u00f8lger:<\/p>\n<h3>Husrekke 1 og 2<\/h3>\n<table>\n<tbody>\n<tr>\n<td style=\"width: 173px;\"><strong>Flate<\/strong><\/td>\n<td style=\"width: 94px;\"><strong>Type<\/strong><\/td>\n<td style=\"width: 92px;\"><strong>Produkt<\/strong><\/td>\n<td style=\"width: 77px;\"><strong>Farge<\/strong><\/td>\n<td style=\"width: 41px;\"><strong>Kode<\/strong><\/td>\n<\/tr>\n<tr>\n<td style=\"width: 173px;\">Vegger<\/td>\n<td style=\"width: 94px;\">Oljebeis<\/td>\n<td style=\"width: 92px;\">Jotun Trebitt<\/td>\n<td style=\"width: 77px;\">Tj\u00e6rebrun<\/td>\n<td style=\"width: 41px;\">676<\/td>\n<\/tr>\n<tr>\n<td style=\"width: 173px;\">Vinduer*\/d\u00f8rer*\/vindskier<\/td>\n<td style=\"width: 94px;\">Oljedekkbeis<\/td>\n<td style=\"width: 92px;\">\u00a0<\/td>\n<td style=\"width: 77px;\">R\u00f8rosr\u00f8d<\/td>\n<td style=\"width: 41px;\">25<\/td>\n<\/tr>\n<tr>\n<td style=\"width: 173px;\">Terassefronter etc.<\/td>\n<td style=\"width: 94px;\">Oljebeis<\/td>\n<td style=\"width: 92px;\">Jotun Trebitt<\/td>\n<td style=\"width: 77px;\">Sort<\/td>\n<td style=\"width: 41px;\">\u00a0<\/td>\n<\/tr>\n<tr>\n<td style=\"width: 173px;\">Grunnmur<\/td>\n<td style=\"width: 94px;\">\u00a0<\/td>\n<td style=\"width: 92px;\">\u00a0<\/td>\n<td style=\"width: 77px;\">Hvit<\/td>\n<td style=\"width: 41px;\">\u00a0<\/td>\n<\/tr>\n<tr>\n<td style=\"width: 173px;\">Hagegjerder<\/td>\n<td style=\"width: 94px;\">Oljebeis<\/td>\n<td style=\"width: 92px;\">Jotun Trebitt<\/td>\n<td style=\"width: 77px;\">Tj\u00e6rebrun<\/td>\n<td style=\"width: 41px;\">676<\/td>\n<\/tr>\n<tr>\n<td style=\"width: 173px;\">Tak<\/td>\n<td style=\"width: 94px;\">Shingel<\/td>\n<td style=\"width: 92px;\">\u00a0<\/td>\n<td style=\"width: 77px;\">R\u00f8d<\/td>\n<td style=\"width: 41px;\">\u00a0<\/td>\n<\/tr>\n<\/tbody>\n<\/table>\n<h3>Husrekke 3, 4, 5 og 6<\/h3>\n<table>\n<tbody>\n<tr>\n<td style=\"width: 173px;\"><strong>Flate<\/strong><\/td>\n<td style=\"width: 94px;\"><strong>Type<\/strong><\/td>\n<td style=\"width: 92px;\"><strong>Produkt<\/strong><\/td>\n<td style=\"width: 77px;\"><strong>Farge<\/strong><\/td>\n<td style=\"width: 41px;\"><strong>Kode<\/strong><\/td>\n<\/tr>\n<tr>\n<td style=\"width: 173px;\">Vegger<\/td>\n<td style=\"width: 94px;\">Oljebeis<\/td>\n<td style=\"width: 92px;\">Jotun Trebitt<\/td>\n<td style=\"width: 77px;\">Seterbrun<\/td>\n<td style=\"width: 41px;\">675<\/td>\n<\/tr>\n<tr>\n<td style=\"width: 173px;\">Vinduer*\/d\u00f8rer*\/vindskier<\/td>\n<td style=\"width: 94px;\">Oljedekkbeis<\/td>\n<td style=\"width: 92px;\">\u00a0<\/td>\n<td style=\"width: 77px;\">R\u00f8rosr\u00f8d<\/td>\n<td style=\"width: 41px;\">25<\/td>\n<\/tr>\n<tr>\n<td style=\"width: 173px;\">Terassefronter etc.<\/td>\n<td style=\"width: 94px;\">Oljebeis<\/td>\n<td style=\"width: 92px;\">Jotun Trebitt<\/td>\n<td style=\"width: 77px;\">Seterbrun<\/td>\n<td style=\"width: 41px;\">675<\/td>\n<\/tr>\n<tr>\n<td style=\"width: 173px;\">Grunnmur<\/td>\n<td style=\"width: 94px;\">\u00a0<\/td>\n<td style=\"width: 92px;\">\u00a0<\/td>\n<td style=\"width: 77px;\">Hvit<\/td>\n<td style=\"width: 41px;\">\u00a0<\/td>\n<\/tr>\n<tr>\n<td style=\"width: 173px;\">Hagegjerder<\/td>\n<td style=\"width: 94px;\">Oljebeis<\/td>\n<td style=\"width: 92px;\">Jotun Trebitt<\/td>\n<td style=\"width: 77px;\">Tj\u00e6rebrun<\/td>\n<td style=\"width: 41px;\">676<\/td>\n<\/tr>\n<tr>\n<td style=\"width: 173px;\">Tak<\/td>\n<td style=\"width: 94px;\">Shingel<\/td>\n<td style=\"width: 92px;\">\u00a0<\/td>\n<td style=\"width: 77px;\">R\u00f8d<\/td>\n<td style=\"width: 41px;\">\u00a0<\/td>\n<\/tr>\n<\/tbody>\n<\/table>\n<h3>Garasjer<\/h3>\n<table>\n<tbody>\n<tr>\n<td style=\"width: 173px;\"><strong>Flate<\/strong><\/td>\n<td style=\"width: 94px;\"><strong>Type<\/strong><\/td>\n<td style=\"width: 92px;\"><strong>Produkt<\/strong><\/td>\n<td style=\"width: 77px;\"><strong>Farge<\/strong><\/td>\n<td style=\"width: 41px;\"><strong>Kode<\/strong><\/td>\n<\/tr>\n<tr>\n<td style=\"width: 173px;\">Vegger<\/td>\n<td style=\"width: 94px;\">Oljebeis<\/td>\n<td style=\"width: 92px;\">Jotun Trebitt<\/td>\n<td style=\"width: 77px;\">Tj\u00e6rebrun<\/td>\n<td style=\"width: 41px;\">676<\/td>\n<\/tr>\n<\/tbody>\n<\/table>\n<p><span style=\"color: #ff0000;\"><em><strong>* = For d\u00f8rer og vinduer er r\u00f8rosr\u00f8d en anbefaling, men ikke strengt n\u00f8dvendig<\/strong><\/em><\/span><\/p>\n<p>\u00a0<\/p>\n<p>\u00a0<\/p>\n\n\n<p><\/p>\n","protected":false},"excerpt":{"rendered":"<p>NB: Per 12\/2-2024 er dette som ligger her er ikke 100% enn\u00e5. Det er basert p\u00e5 referat styrem\u00f8te 11\/5-2010 og notat fra Rolf Nielsen fra 2012. Innspill gis til rolfhsp@gmail.com. Det viser seg at&#46;&#46;&#46;<\/p>\n","protected":false},"author":2,"featured_media":0,"parent":0,"menu_order":0,"comment_status":"open","ping_status":"open","template":"","meta":{"footnotes":""},"class_list":["post-81","page","type-page","status-publish","hentry"],"_links":{"self":[{"href":"https:\/\/huseierforening.langleiken.no\/index.php\/wp-json\/wp\/v2\/pages\/81","targetHints":{"allow":["GET"]}}],"collection":[{"href":"https:\/\/huseierforening.langleiken.no\/index.php\/wp-json\/wp\/v2\/pages"}],"about":[{"href":"https:\/\/huseierforening.langleiken.no\/index.php\/wp-json\/wp\/v2\/types\/page"}],"author":[{"embeddable":true,"href":"https:\/\/huseierforening.langleiken.no\/index.php\/wp-json\/wp\/v2\/users\/2"}],"replies":[{"embeddable":true,"href":"https:\/\/huseierforening.langleiken.no\/index.php\/wp-json\/wp\/v2\/comments?post=81"}],"version-history":[{"count":10,"href":"https:\/\/huseierforening.langleiken.no\/index.php\/wp-json\/wp\/v2\/pages\/81\/revisions"}],"predecessor-version":[{"id":394,"href":"https:\/\/huseierforening.langleiken.no\/index.php\/wp-json\/wp\/v2\/pages\/81\/revisions\/394"}],"wp:attachment":[{"href":"https:\/\/huseierforening.langleiken.no\/index.php\/wp-json\/wp\/v2\/media?parent=81"}],"curies":[{"name":"wp","href":"https:\/\/api.w.org\/{rel}","templated":true}]}}