{"id":245,"date":"2022-07-06T01:08:11","date_gmt":"2022-07-05T23:08:11","guid":{"rendered":"https:\/\/huseierforening.langleiken.no\/?page_id=245"},"modified":"2022-07-06T01:21:00","modified_gmt":"2022-07-05T23:21:00","slug":"tak","status":"publish","type":"page","link":"https:\/\/huseierforening.langleiken.no\/index.php\/tak\/","title":{"rendered":"Utslitte tak"},"content":{"rendered":"\n<h2 class=\"wp-block-heading\">Utslitte tak i Langleiken Huseierforening<\/h2>\n\n\n\n<p>Det har i det siste kommet en del informasjon om tilstanden til takene i Langleiken Huseierforening. P\u00e5 styrem\u00f8te 30. juni 2022 ble dette tatt opp.<\/p>\n\n\n\n<blockquote class=\"wp-block-quote is-layout-flow wp-block-quote-is-layout-flow\"><p><\/p><cite>Hustak: Hustakene til de aller fleste i Langleiken ble sist fikset i 1997. Det er flere som melder at takene ikke er like tette (man kan bla. Se m\u00f8rke felt og antydning til dr\u00e5per p\u00e5 loftene).<br>Styret oppfordrer alle til \u00e5 g\u00e5 over sine hustak.<br>Elementer som i denne sammenheng b\u00f8r diskuteres er: skal man g\u00e5 for samme takshingel eller g\u00e5 for noe mer moderne? Til informasjon s\u00e5 er garantien for de fleste hustak mest sannsynlig utg\u00e5tt.<br>Ole J\u00f8rgen vil sjekke pris over sommeren. Dersom det er noen som kjenner et firma som evt. kan ta en befaring\/ta jobben, vennligst gi beskjed til styret.<br>NB. Styret \u00f8nsker en snarlig tilbakemelding dersom noen har lekkasje i taket som m\u00e5 fikses umiddelbart.<br>Vi oppfordrer alle til \u00e5 gi en tilbakemelding til styret innen neste styrem\u00f8te (august).<\/cite><\/blockquote>\n","protected":false},"excerpt":{"rendered":"<p>Utslitte tak i Langleiken Huseierforening Det har i det siste kommet en del informasjon om tilstanden til takene i Langleiken Huseierforening. P\u00e5 styrem\u00f8te 30. juni 2022 ble dette tatt opp. Hustak: Hustakene til de&#46;&#46;&#46;<\/p>\n","protected":false},"author":2,"featured_media":0,"parent":0,"menu_order":0,"comment_status":"closed","ping_status":"closed","template":"","meta":{"footnotes":""},"class_list":["post-245","page","type-page","status-publish","hentry"],"_links":{"self":[{"href":"https:\/\/huseierforening.langleiken.no\/index.php\/wp-json\/wp\/v2\/pages\/245","targetHints":{"allow":["GET"]}}],"collection":[{"href":"https:\/\/huseierforening.langleiken.no\/index.php\/wp-json\/wp\/v2\/pages"}],"about":[{"href":"https:\/\/huseierforening.langleiken.no\/index.php\/wp-json\/wp\/v2\/types\/page"}],"author":[{"embeddable":true,"href":"https:\/\/huseierforening.langleiken.no\/index.php\/wp-json\/wp\/v2\/users\/2"}],"replies":[{"embeddable":true,"href":"https:\/\/huseierforening.langleiken.no\/index.php\/wp-json\/wp\/v2\/comments?post=245"}],"version-history":[{"count":3,"href":"https:\/\/huseierforening.langleiken.no\/index.php\/wp-json\/wp\/v2\/pages\/245\/revisions"}],"predecessor-version":[{"id":249,"href":"https:\/\/huseierforening.langleiken.no\/index.php\/wp-json\/wp\/v2\/pages\/245\/revisions\/249"}],"wp:attachment":[{"href":"https:\/\/huseierforening.langleiken.no\/index.php\/wp-json\/wp\/v2\/media?parent=245"}],"curies":[{"name":"wp","href":"https:\/\/api.w.org\/{rel}","templated":true}]}}