{"id":12,"date":"2014-11-10T23:24:20","date_gmt":"2014-11-10T22:24:20","guid":{"rendered":"https:\/\/huseierforening.langleiken.no\/?page_id=12"},"modified":"2016-11-03T09:56:49","modified_gmt":"2016-11-03T08:56:49","slug":"tv-internett","status":"publish","type":"page","link":"https:\/\/huseierforening.langleiken.no\/index.php\/tv-internett\/","title":{"rendered":"TV &#038; Internett"},"content":{"rendered":"<p>Denne siden omhandler TV og internett avtalene for Langleiken Huseierforening.<\/p>\n<p>Vi har p.t. kabel og internett levert fra Canal Digital<\/p>\n<hr \/>\n<h3>\u00a0Informasjon fra\u00a0<a href=\"https:\/\/huseierforening.langleiken.no\/wp-content\/uploads\/2014\/11\/2016-10-05_referat_styrem\u00f8te.pdf\">Styrem\u00f8te 5. oktober 2016<\/a>:<\/h3>\n<p>Etter en lengre stabil periode, var det mye tr\u00f8bbel og nedetid for b\u00e5de internett og TV i sommer. Her er styrets uttalelse i referat fra styrem\u00f8tet 5. oktober:<\/p>\n<p><em>Denne sommeren har vi vel alle irritert oss over at vi stadige har mistet b\u00e5de tv-bilder og internett tilgang. Det har ogs\u00e5 kommet inn klage med \u00f8nske om at vi tar saken opp med Canal Digital. Kim N\u00f8glegaard har gjort nettopp dette og f\u00e5tt til svar det vi alle har kunnet bekrefte, at Canal Digital virkelig har hatt problemer med \u00e5 utbedre det som var galt p\u00e5 v\u00e5rt omr\u00e5de. De har beklaget dette, og s\u00e5 tilslutt synes det som om de har funnet og reparert det som trengtes. Vi har i alle fall ikke registrert noe frafall av bilde eller nett tilgang siden det CD nevner som siste vedlikehold.<\/em><\/p>\n<p><em>Som en kompensasjon for det vi har v\u00e6rt utsatt for skal Canal Digital refundere to m\u00e5neder. De har ogs\u00e5 kommet med et tilbud om lavere m\u00e5nedspris forutsatt nye 3 \u00e5rs binding. Kim vil derfor unders\u00f8ke om dette tilbudet vil st\u00e5 ved lag til neste \u00e5rs generalforsamling s\u00e5 vi kan stemme over dette da.<\/em><\/p>\n<p><em>Han har ogs\u00e5 v\u00e6rt i kontakt med Viken Fiber som for tiden viser stor interesse for \u00e5 verve nye kunder til sitt fibernett i v\u00e5rt boligomr\u00e5de. De tegner imidlertid kun individuelle avtaler og leverer ikke fellesavtaler med huseierforeninger ol. De som dermed m\u00e5tte \u00f8nske tjeneste fra disse vil m\u00e5tte st\u00e5 for dette selv og det vil i s\u00e5 fall komme i tillegg til felles avtale med Canal Digital.<\/em><\/p>\n<hr \/>\n<h3>Informasjon om tilbud om oppgradering av nett (11. mars 2014):<\/h3>\n<ul>\n<li><a href=\"https:\/\/huseierforening.langleiken.no\/wp-content\/uploads\/2014\/11\/LANGLEIKEN-Tilbud-oppgradering-internt-nett.pdf\">LANGLEIKEN Tilbud oppgradering internt nett<\/a><\/li>\n<li><a href=\"https:\/\/huseierforening.langleiken.no\/wp-content\/uploads\/2014\/11\/LANGLEIKEN-Tilbud-KOMPLETT-5.pdf\">LANGLEIKEN Tilbud KOMPLETT 5<\/a><\/li>\n<li><a href=\"https:\/\/huseierforening.langleiken.no\/wp-content\/uploads\/2014\/11\/KOMPLETT-5-HFC.pdf\">KOMPLETT 5 HFC<\/a><\/li>\n<li><a href=\"https:\/\/huseierforening.langleiken.no\/wp-content\/uploads\/2014\/11\/T-WE-Box-Mini-NY.pdf\">T-WE Box Mini NY<\/a><\/li>\n<li><a href=\"https:\/\/huseierforening.langleiken.no\/wp-content\/uploads\/2014\/11\/T-WE-Box-NY.pdf\">T-WE Box NY<\/a><\/li>\n<\/ul>\n<p>&nbsp;<\/p>\n","protected":false},"excerpt":{"rendered":"<p>Denne siden omhandler TV og internett avtalene for Langleiken Huseierforening. Vi har p.t. kabel og internett levert fra Canal Digital \u00a0Informasjon fra\u00a0Styrem\u00f8te 5. oktober 2016: Etter en lengre stabil periode, var det mye tr\u00f8bbel&#46;&#46;&#46;<\/p>\n","protected":false},"author":2,"featured_media":0,"parent":0,"menu_order":0,"comment_status":"open","ping_status":"open","template":"","meta":{"footnotes":""},"class_list":["post-12","page","type-page","status-publish","hentry"],"_links":{"self":[{"href":"https:\/\/huseierforening.langleiken.no\/index.php\/wp-json\/wp\/v2\/pages\/12","targetHints":{"allow":["GET"]}}],"collection":[{"href":"https:\/\/huseierforening.langleiken.no\/index.php\/wp-json\/wp\/v2\/pages"}],"about":[{"href":"https:\/\/huseierforening.langleiken.no\/index.php\/wp-json\/wp\/v2\/types\/page"}],"author":[{"embeddable":true,"href":"https:\/\/huseierforening.langleiken.no\/index.php\/wp-json\/wp\/v2\/users\/2"}],"replies":[{"embeddable":true,"href":"https:\/\/huseierforening.langleiken.no\/index.php\/wp-json\/wp\/v2\/comments?post=12"}],"version-history":[{"count":8,"href":"https:\/\/huseierforening.langleiken.no\/index.php\/wp-json\/wp\/v2\/pages\/12\/revisions"}],"predecessor-version":[{"id":138,"href":"https:\/\/huseierforening.langleiken.no\/index.php\/wp-json\/wp\/v2\/pages\/12\/revisions\/138"}],"wp:attachment":[{"href":"https:\/\/huseierforening.langleiken.no\/index.php\/wp-json\/wp\/v2\/media?parent=12"}],"curies":[{"name":"wp","href":"https:\/\/api.w.org\/{rel}","templated":true}]}}